{"id":4159,"date":"2026-01-20T13:35:54","date_gmt":"2026-01-20T12:35:54","guid":{"rendered":"https:\/\/danselibre.com\/?page_id=4159"},"modified":"2026-01-21T15:43:40","modified_gmt":"2026-01-21T14:43:40","slug":"barbara-villesange","status":"publish","type":"page","link":"https:\/\/danselibre.com\/en\/barbara-villesange\/","title":{"rendered":"Barbara Villesange"},"content":{"rendered":"\n<p class=\"wp-block-paragraph\" style=\"font-size:clamp(24.034px, 1.502rem + ((1vw - 3.2px) * 1.814), 40px);\"><strong><a href=\"https:\/\/danselibre.com\/a-propos\/\" data-type=\"link\" data-id=\"https:\/\/danselibre.com\/a-propos\/\">Qui sommes-nous ?<\/a> &gt; Barbara<\/strong><\/p>\n\n\n\n<div style=\"height:20px\" aria-hidden=\"true\" class=\"wp-block-spacer\"><\/div>\n\n\n\n<div class=\"wp-block-group alignwide is-layout-flow wp-block-group-is-layout-flow\">\n<div class=\"wp-block-jetpack-layout-grid alignfull column1-desktop-grid__span-5 column1-desktop-grid__row-1 column2-desktop-grid__span-5 column2-desktop-grid__start-6 column2-desktop-grid__row-1 column1-tablet-grid__span-4 column1-tablet-grid__row-1 column2-tablet-grid__span-4 column2-tablet-grid__start-5 column2-tablet-grid__row-1 column1-mobile-grid__span-4 column1-mobile-grid__row-1 column2-mobile-grid__span-4 column2-mobile-grid__row-2\">\n<div class=\"wp-block-jetpack-layout-grid-column wp-block-jetpack-layout-grid__padding-none\">\n<figure class=\"wp-block-image size-full has-custom-border\"><img data-recalc-dims=\"1\" loading=\"lazy\" decoding=\"async\" width=\"384\" height=\"384\" data-attachment-id=\"4147\" data-permalink=\"https:\/\/danselibre.com\/en\/home\/attachment\/barbaravillesange384\/\" data-orig-file=\"https:\/\/i0.wp.com\/danselibre.com\/wp-content\/uploads\/2026\/01\/BarbaraVillesange384.jpg?fit=384%2C384&amp;ssl=1\" data-orig-size=\"384,384\" data-comments-opened=\"0\" data-image-meta=\"{&quot;aperture&quot;:&quot;0&quot;,&quot;credit&quot;:&quot;&quot;,&quot;camera&quot;:&quot;&quot;,&quot;caption&quot;:&quot;&quot;,&quot;created_timestamp&quot;:&quot;0&quot;,&quot;copyright&quot;:&quot;&quot;,&quot;focal_length&quot;:&quot;0&quot;,&quot;iso&quot;:&quot;0&quot;,&quot;shutter_speed&quot;:&quot;0&quot;,&quot;title&quot;:&quot;&quot;,&quot;orientation&quot;:&quot;0&quot;}\" data-image-title=\"BarbaraVillesange384\" data-image-description=\"\" data-image-caption=\"\" data-medium-file=\"https:\/\/i0.wp.com\/danselibre.com\/wp-content\/uploads\/2026\/01\/BarbaraVillesange384.jpg?fit=300%2C300&amp;ssl=1\" data-large-file=\"https:\/\/i0.wp.com\/danselibre.com\/wp-content\/uploads\/2026\/01\/BarbaraVillesange384.jpg?fit=384%2C384&amp;ssl=1\" src=\"https:\/\/i0.wp.com\/danselibre.com\/wp-content\/uploads\/2026\/01\/BarbaraVillesange384.jpg?resize=384%2C384&#038;ssl=1\" alt=\"\" class=\"wp-image-4147\" style=\"border-top-left-radius:5px;border-top-right-radius:5px;border-bottom-left-radius:5px;border-bottom-right-radius:5px\" srcset=\"https:\/\/i0.wp.com\/danselibre.com\/wp-content\/uploads\/2026\/01\/BarbaraVillesange384.jpg?w=384&amp;ssl=1 384w, https:\/\/i0.wp.com\/danselibre.com\/wp-content\/uploads\/2026\/01\/BarbaraVillesange384.jpg?resize=300%2C300&amp;ssl=1 300w, https:\/\/i0.wp.com\/danselibre.com\/wp-content\/uploads\/2026\/01\/BarbaraVillesange384.jpg?resize=150%2C150&amp;ssl=1 150w, https:\/\/i0.wp.com\/danselibre.com\/wp-content\/uploads\/2026\/01\/BarbaraVillesange384.jpg?resize=200%2C200&amp;ssl=1 200w\" sizes=\"auto, (max-width: 384px) 100vw, 384px\" \/><figcaption class=\"wp-element-caption\">Barbara Villesange<\/figcaption><\/figure>\n<\/div>\n\n\n\n<div class=\"wp-block-jetpack-layout-grid-column wp-block-jetpack-layout-grid__padding-none\">\n<p class=\"wp-block-paragraph\" style=\"font-size:clamp(14px, 0.875rem + ((1vw - 3.2px) * 0.682), 20px);\">Gestalt th\u00e9rapeute, superviseure, professeure de yoga. Du th\u00e9\u00e2tre au yoga, du yoga \u00e0 la gestalt, mon parcours s\u2019est construit au croisement du corps, de la cr\u00e9ativit\u00e9 et de la relation.<\/p>\n\n\n\n<p class=\"wp-block-paragraph\" style=\"font-size:clamp(14px, 0.875rem + ((1vw - 3.2px) * 0.682), 20px);\">Tr\u00e8s t\u00f4t, le mouvement a \u00e9t\u00e9 un moyen pour sentir, exprimer, traverser, bien avant de pouvoir mettre des mots sur l\u2019exp\u00e9rience. Des boums du samedi apr\u00e8s-midi aux nuits enflamm\u00e9es de mes jeunes ann\u00e9es, la danse a toujours \u00e9t\u00e9 un moteur de recherche, m\u2019a toujours r\u00e9v\u00e9l\u00e9 des secrets, ouvert des pistes.&nbsp;<\/p>\n\n\n\n<p class=\"wp-block-paragraph\" style=\"font-size:clamp(14px, 0.875rem + ((1vw - 3.2px) * 0.682), 20px);\">J\u2019ai chemin\u00e9 \u00e0 travers diff\u00e9rentes pratiques artistiques, corporelles et psycho corporelles, dont le th\u00e9\u00e2tre, la gestalt, que je pratique en cabinet depuis 15 ans et bien s\u00fbr le yoga que j\u2019enseigne depuis 20 ans. Ma recherche? Comment habiter pleinement mon corps avec toujours plus de conscience et de pr\u00e9sence. C\u2019est ce que j\u2019ai toujours essay\u00e9 de transmettre dans mes diff\u00e9rents lieux de pratique.&nbsp;Et puis ma rencontre avec la danse libre et plus pr\u00e9cis\u00e9ment les 5Rythmes a compl\u00e9t\u00e9 et combl\u00e9 toutes ces ann\u00e9es de recherche, j\u2019ai enfin trouv\u00e9 mon petit cha\u00eenon manquant, un langage sensible, d\u00e9vergond\u00e9, d\u00e9complex\u00e9, po\u00e9tique, qui permet une expression bien au-del\u00e0 des mots. Un espace o\u00f9 le mouvement devient \u00e9coute, cr\u00e9ation et transformation.<\/p>\n\n\n\n<p class=\"wp-block-paragraph\" style=\"font-size:clamp(14px, 0.875rem + ((1vw - 3.2px) * 0.682), 20px);\">Aujourd\u2019hui, je l\u2019int\u00e8gre au c\u0153ur des groupes que j\u2019anime. Elle dialogue avec la gestalt et le yoga pour ouvrir des espaces d\u2019exploration o\u00f9 chacun.e&nbsp;peut retrouver sa libert\u00e9 de mouvement, laisser \u00e9merger l\u2019invisible et donner forme, par le corps, \u00e0 ce qui cherche \u00e0 se dire.&nbsp;<\/p>\n\n\n\n<p class=\"wp-block-paragraph\" style=\"font-size:clamp(14px, 0.875rem + ((1vw - 3.2px) * 0.682), 20px);\">je suis \u00e9galement la co-cr\u00e9atrice, avec <a href=\"https:\/\/danselibre.com\/vincent-fournout\/\" data-type=\"page\" data-id=\"4151\">Vincent<\/a> du <a href=\"https:\/\/tarotofmovement.com\/\">Tarot du Mouvement<\/a>, un oracle sous la forme d&#8217;un jeu de cartes et d&#8217;une application mobile.<\/p>\n\n\n\n<p class=\"wp-block-paragraph\" style=\"font-size:clamp(14px, 0.875rem + ((1vw - 3.2px) * 0.682), 20px);\">Voir mon site <a href=\"https:\/\/barbaravillesange.fr\/\">Gestalt Th\u00e9rapeute Superviseure<\/a>. <\/p>\n\n\n\n<p class=\"wp-block-paragraph\" style=\"font-size:clamp(14px, 0.875rem + ((1vw - 3.2px) * 0.682), 20px);\">Voir mon site <a href=\"https:\/\/barbarayoga.fr\/\">Hatha Yoga Paris 5<\/a>. <\/p>\n\n\n\n<p class=\"wp-block-paragraph\"><\/p>\n\n\n\n<p class=\"wp-block-paragraph\" style=\"font-size:clamp(14px, 0.875rem + ((1vw - 3.2px) * 0.682), 20px);\"><\/p>\n<\/div>\n<\/div>\n<\/div>\n\n\n\n<p class=\"wp-block-paragraph\"><\/p>\n","protected":false},"excerpt":{"rendered":"<p>Qui sommes-nous ? &gt; Barbara Gestalt th\u00e9rapeute, superviseure, professeure de yoga. Du th\u00e9\u00e2tre au yoga, du yoga \u00e0 la gestalt, mon parcours s\u2019est construit au croisement du corps, de la cr\u00e9ativit\u00e9 et de la relation. Tr\u00e8s t\u00f4t, le mouvement a \u00e9t\u00e9 un moyen pour sentir, exprimer, traverser, bien avant de pouvoir mettre des mots sur [&hellip;]<\/p>\n","protected":false},"author":97402200,"featured_media":0,"parent":0,"menu_order":0,"comment_status":"closed","ping_status":"closed","template":"","meta":{"_seopress_robots_primary_cat":"","_seopress_titles_title":"","_seopress_titles_desc":"","_seopress_robots_index":"","_coblocks_attr":"","_coblocks_dimensions":"","_coblocks_responsive_height":"","_coblocks_accordion_ie_support":"","_crdt_document":"","jetpack_post_was_ever_published":false,"cybocfi_hide_featured_image":"","footnotes":""},"class_list":["post-4159","page","type-page","status-publish","hentry"],"translation":{"provider":"WPGlobus","version":"3.0.2","language":"en","enabled_languages":["fr","en"],"languages":{"fr":{"title":true,"content":true,"excerpt":false},"en":{"title":false,"content":false,"excerpt":false}}},"jetpack_likes_enabled":null,"jetpack_sharing_enabled":false,"jetpack_shortlink":"https:\/\/wp.me\/PcMQud-155","jetpack-related-posts":[],"_links":{"self":[{"href":"https:\/\/danselibre.com\/en\/wp-json\/wp\/v2\/pages\/4159","targetHints":{"allow":["GET"]}}],"collection":[{"href":"https:\/\/danselibre.com\/en\/wp-json\/wp\/v2\/pages"}],"about":[{"href":"https:\/\/danselibre.com\/en\/wp-json\/wp\/v2\/types\/page"}],"author":[{"embeddable":true,"href":"https:\/\/danselibre.com\/en\/wp-json\/wp\/v2\/users\/97402200"}],"replies":[{"embeddable":true,"href":"https:\/\/danselibre.com\/en\/wp-json\/wp\/v2\/comments?post=4159"}],"version-history":[{"count":8,"href":"https:\/\/danselibre.com\/en\/wp-json\/wp\/v2\/pages\/4159\/revisions"}],"predecessor-version":[{"id":4232,"href":"https:\/\/danselibre.com\/en\/wp-json\/wp\/v2\/pages\/4159\/revisions\/4232"}],"wp:attachment":[{"href":"https:\/\/danselibre.com\/en\/wp-json\/wp\/v2\/media?parent=4159"}],"curies":[{"name":"wp","href":"https:\/\/api.w.org\/{rel}","templated":true}]}}